{"id":289,"date":"2023-10-20T11:26:54","date_gmt":"2023-10-20T09:26:54","guid":{"rendered":"https:\/\/la-remise.ch\/informativa-sulla-privacy\/"},"modified":"2023-12-08T16:47:14","modified_gmt":"2023-12-08T15:47:14","slug":"informativa-sulla-privacy","status":"publish","type":"page","link":"https:\/\/la-remise.ch\/it\/informativa-sulla-privacy\/","title":{"rendered":"Informativa sulla privacy"},"content":{"rendered":"\n<h2 class=\"wp-block-heading\">Chi siamo?<\/h2>\n\n<p>L&#8217;indirizzo del nostro sito web \u00e8: https:\/\/la-remise.ch.<\/p>\n\n<h2 class=\"wp-block-heading\">Biscotti<\/h2>\n\n<p><strong class=\"privacy-policy-tutorial\">Testo suggerito: <\/strong>Se lasciate un commento sul nostro sito, vi verr\u00e0 chiesto di salvare il vostro nome, indirizzo e-mail e sito nei cookie. Questo \u00e8 solo per comodit\u00e0, in modo da non dover inserire queste informazioni se si pubblica un altro commento in seguito. Questi cookie scadono dopo un anno.<\/p>\n\n<p>Se si accede alla pagina di login, viene creato un cookie temporaneo per determinare se il browser accetta i cookie. Non contiene dati personali e sar\u00e0 cancellato automaticamente alla chiusura del browser.<\/p>\n\n<p>Quando l&#8217;utente accede, vengono impostati alcuni cookie per registrare i dati di accesso e le preferenze dello schermo. La durata di un cookie di connessione \u00e8 di due giorni, quella di un cookie di opzione dello schermo \u00e8 di un anno. Se si seleziona &#8220;Ricordami&#8221;, il cookie di connessione verr\u00e0 memorizzato per quindici giorni. Se si esce dal proprio account, il cookie di connessione viene cancellato.<\/p>\n\n<p>Modificando o pubblicando una pubblicazione, un ulteriore cookie verr\u00e0 memorizzato nel vostro browser. Questo cookie non contiene dati personali. Indica semplicemente l&#8217;ID della pubblicazione appena modificata. Scade dopo un giorno.<\/p>\n\n<h2 class=\"wp-block-heading\">Contenuti incorporati da altri siti<\/h2>\n\n<p><strong class=\"privacy-policy-tutorial\">Testo suggerito: <\/strong>Gli articoli di questo sito possono includere contenuti incorporati (ad esempio video, immagini, articoli, ecc.). I contenuti integrati da altri siti si comportano come se il visitatore stesse visitando l&#8217;altro sito.<\/p>\n\n<p>Questi siti web possono raccogliere dati sull&#8217;utente, utilizzare cookie, incorporare strumenti di tracciamento di terze parti e tracciare le interazioni dell&#8217;utente con questi contenuti incorporati se l&#8217;utente ha un account collegato al loro sito web.<\/p>\n\n<h2 class=\"wp-block-heading\">Utilizzo e trasmissione dei dati personali<\/h2>\n\n<p><strong class=\"privacy-policy-tutorial\">Testo suggerito: <\/strong>Se si richiede la reimpostazione della password, il proprio indirizzo IP sar\u00e0 incluso nell&#8217;e-mail di reimpostazione.<\/p>\n\n<h2 class=\"wp-block-heading\">Periodi di conservazione dei dati<\/h2>\n\n<p><strong class=\"privacy-policy-tutorial\">Testo suggerito: <\/strong>Se si lascia un commento, il commento e i suoi metadati vengono conservati a tempo indeterminato. In questo modo i commenti successivi vengono riconosciuti e approvati automaticamente, invece di rimanere nella coda di moderazione.<\/p>\n\n<p>Per gli account che si registrano sul nostro sito (ove applicabile), memorizziamo anche i dati personali indicati nel loro profilo. Tutti gli account possono visualizzare, modificare o cancellare le proprie informazioni personali in qualsiasi momento (ad eccezione del proprio login). Anche i responsabili del sito possono visualizzare e modificare queste informazioni.<\/p>\n\n<h2 class=\"wp-block-heading\">I diritti che avete sui vostri dati<\/h2>\n\n<p><strong class=\"privacy-policy-tutorial\">Testo suggerito: <\/strong>Se avete un account o avete lasciato commenti sul sito, potete richiedere di ricevere un file contenente tutti i dati personali in nostro possesso, compresi quelli che ci avete fornito. Potete anche chiedere la cancellazione dei vostri dati personali. Non sono compresi i dati memorizzati per scopi amministrativi, legali o di sicurezza.<\/p>\n\n<h2 class=\"wp-block-heading\">Dove vengono inviati i vostri dati<\/h2>\n\n<p><strong class=\"privacy-policy-tutorial\">Testo suggerito: <\/strong>I commenti dei visitatori possono essere controllati con un servizio automatico per individuare i commenti indesiderati.<\/p>\n","protected":false},"excerpt":{"rendered":"<p>Chi siamo? L&#8217;indirizzo del nostro sito web \u00e8: https:\/\/la-remise.ch. Biscotti Testo suggerito: Se lasciate un commento sul nostro sito, vi verr\u00e0 chiesto di salvare il vostro nome, indirizzo e-mail e sito nei cookie. Questo \u00e8 solo per comodit\u00e0, in modo da non dover inserire queste informazioni se si pubblica un altro commento in seguito. Questi &#8230; <\/p>\n<p class=\"read-more-container\"><a title=\"Informativa sulla privacy\" class=\"read-more button\" href=\"https:\/\/la-remise.ch\/it\/informativa-sulla-privacy\/#more-289\" aria-label=\"Per saperne di pi\u00f9 su Informativa sulla privacy\">Leggi tutto<\/a><\/p>\n","protected":false},"author":1,"featured_media":0,"parent":0,"menu_order":0,"comment_status":"closed","ping_status":"open","template":"","meta":{"footnotes":""},"class_list":["post-289","page","type-page","status-publish"],"_links":{"self":[{"href":"https:\/\/la-remise.ch\/it\/wp-json\/wp\/v2\/pages\/289","targetHints":{"allow":["GET"]}}],"collection":[{"href":"https:\/\/la-remise.ch\/it\/wp-json\/wp\/v2\/pages"}],"about":[{"href":"https:\/\/la-remise.ch\/it\/wp-json\/wp\/v2\/types\/page"}],"author":[{"embeddable":true,"href":"https:\/\/la-remise.ch\/it\/wp-json\/wp\/v2\/users\/1"}],"replies":[{"embeddable":true,"href":"https:\/\/la-remise.ch\/it\/wp-json\/wp\/v2\/comments?post=289"}],"version-history":[{"count":1,"href":"https:\/\/la-remise.ch\/it\/wp-json\/wp\/v2\/pages\/289\/revisions"}],"predecessor-version":[{"id":297,"href":"https:\/\/la-remise.ch\/it\/wp-json\/wp\/v2\/pages\/289\/revisions\/297"}],"wp:attachment":[{"href":"https:\/\/la-remise.ch\/it\/wp-json\/wp\/v2\/media?parent=289"}],"curies":[{"name":"wp","href":"https:\/\/api.w.org\/{rel}","templated":true}]}}