{"id":278,"date":"2023-11-03T13:02:31","date_gmt":"2023-11-03T12:02:31","guid":{"rendered":"https:\/\/la-remise.ch\/in-sessione\/"},"modified":"2024-05-16T18:35:11","modified_gmt":"2024-05-16T16:35:11","slug":"sedute","status":"publish","type":"page","link":"https:\/\/la-remise.ch\/it\/sedute\/","title":{"rendered":"Sedute"},"content":{"rendered":"\n<div class=\"wp-block-columns is-layout-flex wp-container-core-columns-is-layout-9d6595d7 wp-block-columns-is-layout-flex\">\n<div class=\"wp-block-column is-layout-flow wp-block-column-is-layout-flow\">\n<p>Il primo incontro \u00e8 un&#8217;opportunit\u00e0 per il paziente e l&#8217;arteterapeuta di conoscersi.<\/p>\n\n\n\n<p>Facendo domande, il paziente pu\u00f2 conoscere il modo di lavorare dell&#8217;arteterapeuta, farsi un&#8217;idea dello spazio dell&#8217;atelier e informarsi sulle mediazioni disponibili.<\/p>\n\n\n\n<p>Allo stesso tempo, l\u2019arteterapeuta potra&#8217; identificare le motivazioni, i bisogni e le aspettative del paziente.<\/p>\n\n\n\n<p>Le sessioni si tengono idealmente una volta alla settimana, ma possono essere distanziate a seconda delle esigenze.<\/p>\n\n\n\n<p>Si raccomanda una sessione di un&#8217;ora per garantirne il corretto svolgimento, lasciando il tempo necessario per le 4 fasi &#8211; accoglienza, creazione, scambio e separazione &#8211; che caratterizzano un incontro.<\/p>\n\n\n\n<p>La produzione artistica rimane all&#8217;atelier per tutta la durata del trattamento e la riservatezza \u00e8 alla base della relazione terapeutica.<\/p>\n\n\n\n<h3 class=\"wp-block-heading\">Prezzo<\/h3>\n\n\n\n<p>120 Frs all&#8217;ora per una sessione individuale, materiale incluso.<\/p>\n\n\n\n<p>Lavoro il mercoled\u00ec pomeriggio, il gioved\u00ec e il venerd\u00ec.<\/p>\n\n\n\n<p>Sono accreditata <a href=\"http:\/\/www.asca.ch\/\">ASCA<\/a> (Fondazione Svizzera per la Medicina Complementare). Le persone con copertura assicurativa complementare concordata con le compagnie di assicurazione possono richiedere il rimborso delle sedute di arteterapia.<\/p>\n\n\n\n<p>Sono membro dell&#8217;<a href=\"https:\/\/apsat.ch\/\">Associazione Professionale Svizzera degli Arteterapeuti (APSAT),<\/a> di cui rispetto il codice etico, la supervisione e i requisiti di formazione continua.<\/p>\n<\/div>\n\n\n\n<div class=\"wp-block-column is-layout-flow wp-block-column-is-layout-flow\">\n<figure class=\"wp-block-image size-full is-resized\"><img loading=\"lazy\" decoding=\"async\" width=\"1920\" height=\"1080\" src=\"https:\/\/la-remise.ch\/wp-content\/uploads\/2023\/11\/en-seance.jpg\" alt=\"en-seance\" class=\"wp-image-27\" style=\"width:480px\" srcset=\"https:\/\/la-remise.ch\/wp-content\/uploads\/2023\/11\/en-seance.jpg 1920w, https:\/\/la-remise.ch\/wp-content\/uploads\/2023\/11\/en-seance-384x216.jpg 384w, https:\/\/la-remise.ch\/wp-content\/uploads\/2023\/11\/en-seance-208x117.jpg 208w, https:\/\/la-remise.ch\/wp-content\/uploads\/2023\/11\/en-seance-768x432.jpg 768w, https:\/\/la-remise.ch\/wp-content\/uploads\/2023\/11\/en-seance-1536x864.jpg 1536w\" sizes=\"auto, (max-width: 1920px) 100vw, 1920px\" \/><\/figure>\n<\/div>\n<\/div>\n","protected":false},"excerpt":{"rendered":"<p>Il primo incontro \u00e8 un&#8217;opportunit\u00e0 per il paziente e l&#8217;arteterapeuta di conoscersi. Facendo domande, il paziente pu\u00f2 conoscere il modo di lavorare dell&#8217;arteterapeuta, farsi un&#8217;idea dello spazio dell&#8217;atelier e informarsi sulle mediazioni disponibili. Allo stesso tempo, l\u2019arteterapeuta potra&#8217; identificare le motivazioni, i bisogni e le aspettative del paziente. Le sessioni si tengono idealmente una volta &#8230; <\/p>\n<p class=\"read-more-container\"><a title=\"Sedute\" class=\"read-more button\" href=\"https:\/\/la-remise.ch\/it\/sedute\/#more-278\" aria-label=\"Per saperne di pi\u00f9 su Sedute\">Leggi tutto<\/a><\/p>\n","protected":false},"author":1,"featured_media":0,"parent":0,"menu_order":0,"comment_status":"closed","ping_status":"closed","template":"","meta":{"footnotes":""},"class_list":["post-278","page","type-page","status-publish"],"_links":{"self":[{"href":"https:\/\/la-remise.ch\/it\/wp-json\/wp\/v2\/pages\/278","targetHints":{"allow":["GET"]}}],"collection":[{"href":"https:\/\/la-remise.ch\/it\/wp-json\/wp\/v2\/pages"}],"about":[{"href":"https:\/\/la-remise.ch\/it\/wp-json\/wp\/v2\/types\/page"}],"author":[{"embeddable":true,"href":"https:\/\/la-remise.ch\/it\/wp-json\/wp\/v2\/users\/1"}],"replies":[{"embeddable":true,"href":"https:\/\/la-remise.ch\/it\/wp-json\/wp\/v2\/comments?post=278"}],"version-history":[{"count":15,"href":"https:\/\/la-remise.ch\/it\/wp-json\/wp\/v2\/pages\/278\/revisions"}],"predecessor-version":[{"id":709,"href":"https:\/\/la-remise.ch\/it\/wp-json\/wp\/v2\/pages\/278\/revisions\/709"}],"wp:attachment":[{"href":"https:\/\/la-remise.ch\/it\/wp-json\/wp\/v2\/media?parent=278"}],"curies":[{"name":"wp","href":"https:\/\/api.w.org\/{rel}","templated":true}]}}